{"id":79,"date":"2025-09-24T10:23:07","date_gmt":"2025-09-24T14:23:07","guid":{"rendered":"https:\/\/www.bobrumball.org\/fr\/?page_id=79"},"modified":"2026-04-13T14:25:05","modified_gmt":"2026-04-13T18:25:05","slug":"about-us","status":"publish","type":"page","link":"https:\/\/www.bobrumball.org\/fr\/about-us\/","title":{"rendered":"\u00c0 propos de nous"},"content":{"rendered":"\n<p>Le Centre d\u2019excellence canadien Bob Rumball pour les personnes sourdes (BRCCED) offre des services et un lieu de vie qui valorise la communaut\u00e9, la culture et la langue des signes des personnes sourdes. Nos services proposent diverses activit\u00e9s tout au long de la vie, permettant aux personnes que nous accompagnons de s\u2019\u00e9panouir dans un environnement accessible et riche en langue des signes.<\/p>\n\n\n\n<p>Le BRCCED offre des services depuis plus de 50 ans et continue de se d\u00e9velopper en fonction des besoins changeants de la communaut\u00e9 sourde. Nos services sont offerts dans de nombreuses r\u00e9gions de l\u2019Ontario aux enfants, aux jeunes et \u00e0 leurs familles, aux nouveaux arrivants au Canada, aux adultes ayant des besoins particuliers et aux a\u00een\u00e9s.<\/p>\n\n\n\n<p>Nos programmes et services sont uniques et offrent un acc\u00e8s aux soins, \u00e0 l\u2019\u00e9ducation et \u00e0 la socialisation, am\u00e9liorant ainsi la qualit\u00e9 de vie des personnes sourdes.<\/p>\n\n\n\n<h2 class=\"wp-block-heading\"><br>Mission<\/h2>\n\n\n\n<p>Offrir des soins et des opportunit\u00e9s dans un environnement riche en communication qui am\u00e9liore la qualit\u00e9 de vie des personnes que nous servons.<\/p>\n\n\n\n<h2 class=\"wp-block-heading\">Notre responsabilit\u00e9<\/h2>\n\n\n\n<p>Les organisations Rumball reconnaissent et assument leur responsabilit\u00e9 de garantir un environnement accueillant aux personnes d&#8217;origines, d&#8217;exp\u00e9riences et de valeurs diverses. Nous encourageons le dialogue et la compr\u00e9hension entre les personnes qui apportent leurs points de vue uniques \u00e0 celles qui travaillent et b\u00e9n\u00e9ficient des services de notre organisation.<\/p>\n\n\n\n<figure class=\"wp-block-image size-large\"><img decoding=\"async\" src=\"https:\/\/www.bobrumball.org\/wp-content\/uploads\/2024\/04\/BRCCED-Outside-Spring-1024x576.jpg\" alt=\"\" class=\"wp-image-623\" \/><\/figure>\n","protected":false},"excerpt":{"rendered":"<p>Le Centre d\u2019excellence canadien Bob Rumball pour les personnes sourdes (BRCCED) offre des services et un lieu de vie qui valorise la communaut\u00e9, la culture et la langue des signes des personnes sourdes. Nos services proposent diverses activit\u00e9s tout au long de la vie, permettant aux personnes que nous accompagnons de s\u2019\u00e9panouir dans un environnement [&hellip;]<\/p>\n","protected":false},"author":1,"featured_media":0,"parent":0,"menu_order":0,"comment_status":"closed","ping_status":"closed","template":"","meta":{"footnotes":""},"class_list":["post-79","page","type-page","status-publish","hentry"],"yoast_head":"<!-- This site is optimized with the Yoast SEO plugin v27.5 - https:\/\/yoast.com\/product\/yoast-seo-wordpress\/ -->\n<title>\u00c0 propos de nous - Bob Rumball dans Fran\u00e7ais<\/title>\n<meta name=\"robots\" content=\"noindex, follow, max-snippet:-1, max-image-preview:large, max-video-preview:-1\" \/>\n<meta property=\"og:locale\" content=\"fr_CA\" \/>\n<meta property=\"og:type\" content=\"article\" \/>\n<meta property=\"og:title\" content=\"\u00c0 propos de nous - Bob Rumball dans Fran\u00e7ais\" \/>\n<meta property=\"og:description\" content=\"Le Centre d\u2019excellence canadien Bob Rumball pour les personnes sourdes (BRCCED) offre des services et un lieu de vie qui valorise la communaut\u00e9, la culture et la langue des signes des personnes sourdes. Nos services proposent diverses activit\u00e9s tout au long de la vie, permettant aux personnes que nous accompagnons de s\u2019\u00e9panouir dans un environnement [&hellip;]\" \/>\n<meta property=\"og:url\" content=\"https:\/\/www.bobrumball.org\/fr\/about-us\/\" \/>\n<meta property=\"og:site_name\" content=\"Bob Rumball dans Fran\u00e7ais\" \/>\n<meta property=\"article:modified_time\" content=\"2026-04-13T18:25:05+00:00\" \/>\n<meta name=\"twitter:card\" content=\"summary_large_image\" \/>\n<meta name=\"twitter:label1\" content=\"Est. reading time\" \/>\n\t<meta name=\"twitter:data1\" content=\"2 minutes\" \/>\n<script type=\"application\/ld+json\" class=\"yoast-schema-graph\">{\"@context\":\"https:\\\/\\\/schema.org\",\"@graph\":[{\"@type\":\"WebPage\",\"@id\":\"https:\\\/\\\/www.bobrumball.org\\\/fr\\\/about-us\\\/\",\"url\":\"https:\\\/\\\/www.bobrumball.org\\\/fr\\\/about-us\\\/\",\"name\":\"\u00c0 propos de nous - Bob Rumball dans Fran\u00e7ais\",\"isPartOf\":{\"@id\":\"https:\\\/\\\/www.bobrumball.org\\\/fr\\\/#website\"},\"primaryImageOfPage\":{\"@id\":\"https:\\\/\\\/www.bobrumball.org\\\/fr\\\/about-us\\\/#primaryimage\"},\"image\":{\"@id\":\"https:\\\/\\\/www.bobrumball.org\\\/fr\\\/about-us\\\/#primaryimage\"},\"thumbnailUrl\":\"https:\\\/\\\/www.bobrumball.org\\\/wp-content\\\/uploads\\\/2024\\\/04\\\/BRCCED-Outside-Spring-1024x576.jpg\",\"datePublished\":\"2025-09-24T14:23:07+00:00\",\"dateModified\":\"2026-04-13T18:25:05+00:00\",\"breadcrumb\":{\"@id\":\"https:\\\/\\\/www.bobrumball.org\\\/fr\\\/about-us\\\/#breadcrumb\"},\"inLanguage\":\"fr-CA\",\"potentialAction\":[{\"@type\":\"ReadAction\",\"target\":[\"https:\\\/\\\/www.bobrumball.org\\\/fr\\\/about-us\\\/\"]}]},{\"@type\":\"ImageObject\",\"inLanguage\":\"fr-CA\",\"@id\":\"https:\\\/\\\/www.bobrumball.org\\\/fr\\\/about-us\\\/#primaryimage\",\"url\":\"https:\\\/\\\/www.bobrumball.org\\\/wp-content\\\/uploads\\\/2024\\\/04\\\/BRCCED-Outside-Spring-1024x576.jpg\",\"contentUrl\":\"https:\\\/\\\/www.bobrumball.org\\\/wp-content\\\/uploads\\\/2024\\\/04\\\/BRCCED-Outside-Spring-1024x576.jpg\"},{\"@type\":\"BreadcrumbList\",\"@id\":\"https:\\\/\\\/www.bobrumball.org\\\/fr\\\/about-us\\\/#breadcrumb\",\"itemListElement\":[{\"@type\":\"ListItem\",\"position\":1,\"name\":\"Home\",\"item\":\"https:\\\/\\\/www.bobrumball.org\\\/fr\\\/\"},{\"@type\":\"ListItem\",\"position\":2,\"name\":\"\u00c0 propos de nous\"}]},{\"@type\":\"WebSite\",\"@id\":\"https:\\\/\\\/www.bobrumball.org\\\/fr\\\/#website\",\"url\":\"https:\\\/\\\/www.bobrumball.org\\\/fr\\\/\",\"name\":\"Bob Rumball dans Fran\u00e7ais\",\"description\":\"\",\"potentialAction\":[{\"@type\":\"SearchAction\",\"target\":{\"@type\":\"EntryPoint\",\"urlTemplate\":\"https:\\\/\\\/www.bobrumball.org\\\/fr\\\/?s={search_term_string}\"},\"query-input\":{\"@type\":\"PropertyValueSpecification\",\"valueRequired\":true,\"valueName\":\"search_term_string\"}}],\"inLanguage\":\"fr-CA\"}]}<\/script>\n<!-- \/ Yoast SEO plugin. -->","yoast_head_json":{"title":"\u00c0 propos de nous - Bob Rumball dans Fran\u00e7ais","robots":{"index":"noindex","follow":"follow","max-snippet":"max-snippet:-1","max-image-preview":"max-image-preview:large","max-video-preview":"max-video-preview:-1"},"og_locale":"fr_CA","og_type":"article","og_title":"\u00c0 propos de nous - Bob Rumball dans Fran\u00e7ais","og_description":"Le Centre d\u2019excellence canadien Bob Rumball pour les personnes sourdes (BRCCED) offre des services et un lieu de vie qui valorise la communaut\u00e9, la culture et la langue des signes des personnes sourdes. Nos services proposent diverses activit\u00e9s tout au long de la vie, permettant aux personnes que nous accompagnons de s\u2019\u00e9panouir dans un environnement [&hellip;]","og_url":"https:\/\/www.bobrumball.org\/fr\/about-us\/","og_site_name":"Bob Rumball dans Fran\u00e7ais","article_modified_time":"2026-04-13T18:25:05+00:00","twitter_card":"summary_large_image","twitter_misc":{"Est. reading time":"2 minutes"},"schema":{"@context":"https:\/\/schema.org","@graph":[{"@type":"WebPage","@id":"https:\/\/www.bobrumball.org\/fr\/about-us\/","url":"https:\/\/www.bobrumball.org\/fr\/about-us\/","name":"\u00c0 propos de nous - Bob Rumball dans Fran\u00e7ais","isPartOf":{"@id":"https:\/\/www.bobrumball.org\/fr\/#website"},"primaryImageOfPage":{"@id":"https:\/\/www.bobrumball.org\/fr\/about-us\/#primaryimage"},"image":{"@id":"https:\/\/www.bobrumball.org\/fr\/about-us\/#primaryimage"},"thumbnailUrl":"https:\/\/www.bobrumball.org\/wp-content\/uploads\/2024\/04\/BRCCED-Outside-Spring-1024x576.jpg","datePublished":"2025-09-24T14:23:07+00:00","dateModified":"2026-04-13T18:25:05+00:00","breadcrumb":{"@id":"https:\/\/www.bobrumball.org\/fr\/about-us\/#breadcrumb"},"inLanguage":"fr-CA","potentialAction":[{"@type":"ReadAction","target":["https:\/\/www.bobrumball.org\/fr\/about-us\/"]}]},{"@type":"ImageObject","inLanguage":"fr-CA","@id":"https:\/\/www.bobrumball.org\/fr\/about-us\/#primaryimage","url":"https:\/\/www.bobrumball.org\/wp-content\/uploads\/2024\/04\/BRCCED-Outside-Spring-1024x576.jpg","contentUrl":"https:\/\/www.bobrumball.org\/wp-content\/uploads\/2024\/04\/BRCCED-Outside-Spring-1024x576.jpg"},{"@type":"BreadcrumbList","@id":"https:\/\/www.bobrumball.org\/fr\/about-us\/#breadcrumb","itemListElement":[{"@type":"ListItem","position":1,"name":"Home","item":"https:\/\/www.bobrumball.org\/fr\/"},{"@type":"ListItem","position":2,"name":"\u00c0 propos de nous"}]},{"@type":"WebSite","@id":"https:\/\/www.bobrumball.org\/fr\/#website","url":"https:\/\/www.bobrumball.org\/fr\/","name":"Bob Rumball dans Fran\u00e7ais","description":"","potentialAction":[{"@type":"SearchAction","target":{"@type":"EntryPoint","urlTemplate":"https:\/\/www.bobrumball.org\/fr\/?s={search_term_string}"},"query-input":{"@type":"PropertyValueSpecification","valueRequired":true,"valueName":"search_term_string"}}],"inLanguage":"fr-CA"}]}},"_links":{"self":[{"href":"https:\/\/www.bobrumball.org\/fr\/wp-json\/wp\/v2\/pages\/79","targetHints":{"allow":["GET"]}}],"collection":[{"href":"https:\/\/www.bobrumball.org\/fr\/wp-json\/wp\/v2\/pages"}],"about":[{"href":"https:\/\/www.bobrumball.org\/fr\/wp-json\/wp\/v2\/types\/page"}],"author":[{"embeddable":true,"href":"https:\/\/www.bobrumball.org\/fr\/wp-json\/wp\/v2\/users\/1"}],"replies":[{"embeddable":true,"href":"https:\/\/www.bobrumball.org\/fr\/wp-json\/wp\/v2\/comments?post=79"}],"version-history":[{"count":2,"href":"https:\/\/www.bobrumball.org\/fr\/wp-json\/wp\/v2\/pages\/79\/revisions"}],"predecessor-version":[{"id":240,"href":"https:\/\/www.bobrumball.org\/fr\/wp-json\/wp\/v2\/pages\/79\/revisions\/240"}],"wp:attachment":[{"href":"https:\/\/www.bobrumball.org\/fr\/wp-json\/wp\/v2\/media?parent=79"}],"curies":[{"name":"wp","href":"https:\/\/api.w.org\/{rel}","templated":true}]}}