{"id":8,"date":"2024-03-28T17:47:37","date_gmt":"2024-03-28T21:47:37","guid":{"rendered":"https:\/\/www.bobrumball.org\/fr\/?page_id=8"},"modified":"2026-04-20T14:52:03","modified_gmt":"2026-04-20T18:52:03","slug":"home","status":"publish","type":"page","link":"https:\/\/www.bobrumball.org\/fr\/","title":{"rendered":"Nous offrons des soins et des opportunit\u00e9s dans un environnement riche en communication qui am\u00e9liore la qualit\u00e9 de vie de la communaut\u00e9 sourde."},"content":{"rendered":"\n<div class=\"wp-block-zp4-masthead alignwide\"><div class=\"masthead\"><div class=\"image-container\"><img decoding=\"async\" src=\"https:\/\/www.bobrumball.org\/wp-content\/uploads\/2024\/01\/hannah-busing-Zyx1bK9mqmA-unsplash-1400x463.jpg\" alt=\"\" class=\"wp-image-7\" \/><div class=\"image-overlay\" style=\"background:var(--wp--custom--gradients--dark);opacity:0.5\"><\/div><\/div><div class=\"content-container\"><h1 class=\"has-x-large-font-size\">Nous offrons des soins et des opportunit\u00e9s dans un environnement riche en communication qui am\u00e9liore la qualit\u00e9 de vie de la communaut\u00e9 sourde.<\/h1><p class=\"has-medium-font-size\"><\/p>\n<div class=\"wp-block-buttons is-content-justification-left is-layout-flex wp-container-core-buttons-is-layout-a7c4262a wp-block-buttons-is-layout-flex\" style=\"padding-top:var(--wp--preset--spacing--50);padding-bottom:0\">\n\n\n\n<\/div>\n<\/div><\/div><\/div>\n\n\n\n<div class=\"wp-block-zp4-cards has-4-columns is-style-overlap\">\n<div class=\"wp-block-zp4-card has-link\"><div class=\"content-container\"><a href=\"https:\/\/www.bobrumball.org\/deaf-camp\/\"><h2>Camp des sourds<\/h2><\/a><p>Venez vivre l&#8217;\u00e9t\u00e9 de votre vie dans notre camp unique !<\/p><\/div><div class=\"image-container\"><img decoding=\"async\" src=\"https:\/\/www.bobrumball.org\/wp-content\/uploads\/2024\/04\/Screenshot-2024-04-26-at-10.33.21\u202fAM-2-586x342.png\" alt=\"\" class=\"wp-image-1191\" \/><\/div><\/div>\n\n\n\n<div class=\"wp-block-zp4-card has-link\"><div class=\"content-container\"><a href=\"https:\/\/www.bobrumball.org\/deaf-long-term-care\/\"><h2>Soins de longue dur\u00e9e<\/h2><\/a><p>Le seul \u00e9tablissement de soins de longue dur\u00e9e au Canada pour les personnes sourdes !<\/p><\/div><div class=\"image-container\"><img decoding=\"async\" src=\"https:\/\/www.bobrumball.org\/wp-content\/uploads\/2024\/04\/Screenshot-2024-04-26-at-10.37.44\u202fAM-612x342.png\" alt=\"\" class=\"wp-image-1179\" \/><\/div><\/div>\n\n\n\n<div class=\"wp-block-zp4-card has-link\"><div class=\"content-container\"><a href=\"https:\/\/www.bobrumball.org\/sign-language-adult-education\/\"><h2>Opportunit\u00e9s \u00e9ducatives<\/h2><\/a><p>De l&#8217;enfance \u00e0 l&#8217;\u00e2ge adulte, l&#8217;apprentissage est un voyage qui dure toute la vie.<\/p><\/div><div class=\"image-container\"><img decoding=\"async\" src=\"https:\/\/www.bobrumball.org\/wp-content\/uploads\/2024\/04\/jason-goodman-Oalh2MojUuk-unsplash-612x342.jpg\" alt=\"\" class=\"wp-image-1184\" \/><\/div><\/div>\n\n\n\n<div class=\"wp-block-zp4-card has-link\"><div class=\"content-container\"><a href=\"https:\/\/www.bobrumball.org\/sign-language-adult-education\/\"><h2>Apprendre la langue des signes<\/h2><\/a><p>Apprenez \u00e0 communiquer silencieusement\u2026 et presque par t\u00e9l\u00e9pathie gr\u00e2ce \u00e0 la LSF !<\/p><\/div><div class=\"image-container\"><img decoding=\"async\" src=\"https:\/\/www.bobrumball.org\/wp-content\/uploads\/2024\/04\/Screenshot-2024-04-26-at-11.07.34\u202fAM-612x342.png\" alt=\"\" class=\"wp-image-1200\" \/><\/div><\/div>\n<\/div>\n\n\n\n<div class=\"wp-block-zp4-group top-spacing-1 bottom-spacing-1 is-style-contained\"><div class=\"layout-container\">\n<h2 class=\"wp-block-heading has-text-align-center has-dark-color has-text-color has-link-color has-x-large-font-size wp-elements-f5ef1ddc58e97742ab8d788b005b4842\">L&#8217;organisation Bob Rumball est au service de la communaut\u00e9 sourde depuis 1960, soit depuis plus de 60 ans !<\/h2>\n\n\n\n<p class=\"has-text-align-center\">De 0 \u00e0 109 ans, il existe un service pour les personnes sourdes de tout \u00e2ge.<\/p>\n<\/div><\/div>\n\n\n\n<div class=\"wp-block-zp4-group top-spacing-3 bottom-spacing-3 block-spacing-2 is-style-contained has-dark-gradient-background has-background\"><div class=\"layout-container\">\n<h2 class=\"wp-block-heading has-text-align-center has-white-color has-text-color has-link-color has-x-large-font-size wp-elements-2429f692dc8ef7d93e375da8ce1cdecf\">Nouvelles et annonces<\/h2>\n\n\n<ul class=\"has-4-columns wp-block-zp4-latest-posts\"><\/ul>\n\n\n<div class=\"wp-block-buttons is-content-justification-center is-layout-flex wp-container-core-buttons-is-layout-d234f690 wp-block-buttons-is-layout-flex\" style=\"margin-top:var(--wp--preset--spacing--50);margin-bottom:var(--wp--preset--spacing--50)\">\n<div class=\"wp-block-button is-style-outline is-style-outline--2\"><a class=\"wp-block-button__link has-white-color has-text-color has-link-color has-small-font-size has-custom-font-size wp-element-button\" href=\"https:\/\/www.bobrumball.org\/news-announcements\/\"><strong>Voir toutes les actualit\u00e9s et annonces<\/strong><\/a><\/div>\n<\/div>\n<\/div><\/div>\n\n\n\n<div class=\"wp-block-zp4-media-text\">\n<div class=\"wp-block-zp4-media-text-card has-link is-style-default\"><div class=\"content-container\"><a href=\"https:\/\/www.bobrumball.org\/youth-family-services\/\"><h2 class=\"has-large-font-size\">Services \u00e0 la jeunesse et \u00e0 la famille<\/h2><\/a><p class=\"has-medium-font-size\">Nous offrons des services de sant\u00e9 mentale pour les enfants et les jeunes gr\u00e2ce \u00e0 notre \u00e9quipe de travailleurs sociaux sourds.<br><br>Nous avons \u00e9galement un centre EarlyON pour l&#8217;enfance et la famille sur notre campus principal de Bayview&nbsp;!<\/p><\/div><div class=\"image-container\"><img decoding=\"async\" src=\"https:\/\/www.bobrumball.org\/wp-content\/uploads\/2024\/04\/johnny-cohen-OxOxqLAWvE0-unsplash-612x342.jpg\" alt=\"\" class=\"wp-image-1118\" \/><\/div><\/div>\n\n\n\n<div class=\"wp-block-zp4-media-text-card has-link is-style-media-on-the-right\"><div class=\"content-container\"><a href=\"https:\/\/www.bobrumball.org\/senior-services\/\"><h2 class=\"has-large-font-size\">Services aux personnes \u00e2g\u00e9es<\/h2><\/a><p class=\"has-medium-font-size\">Venez passer du temps au Centre des a\u00een\u00e9s sourds de Toronto pour rencontrer d&#8217;autres personnes, jouer, apprendre et socialiser, le tout dans un environnement impr\u00e9gn\u00e9 de culture sourde.<br><br>Vous ne pouvez pas venir&nbsp;? Nous pouvons vous aider \u00e0 entrer en contact avec d&#8217;autres personnes ou m\u00eame venir \u00e0 votre domicile gr\u00e2ce \u00e0 notre programme de services \u00e0 domicile et d&#8217;accompagnement par les pr\u00e9pos\u00e9s aux services de soutien \u00e0 la personne&nbsp;!<br><br>Et si vous souhaitez rester proche de vos amis et des autres personnes qui partagent votre culture sourde 24&nbsp;h\/24 et 7&nbsp;j\/7, quoi de mieux que de vivre avec eux dans le m\u00eame immeuble&nbsp;!<\/p><\/div><div class=\"image-container\"><img decoding=\"async\" src=\"https:\/\/www.bobrumball.org\/wp-content\/uploads\/2024\/04\/priscilla-du-preez-rf5U-IXqxzg-unsplash-612x342.jpg\" alt=\"\" class=\"wp-image-1103\" \/><\/div><\/div>\n\n\n\n<div class=\"wp-block-zp4-media-text-card has-link\"><div class=\"content-container\"><a href=\"https:\/\/www.bobrumball.org\/sign-language-adult-education\/\"><h2 class=\"has-large-font-size\">Langue des signes et \u00e9ducation des adultes<\/h2><\/a><p class=\"has-medium-font-size\">Vous avez toujours r\u00eav\u00e9 de communiquer discr\u00e8tement \u00e0 l&#8217;autre bout d&#8217;une pi\u00e8ce sans dire un mot\u00a0? La langue des signes am\u00e9ricaine est la solution\u00a0!<br><br>Vous venez d&#8217;arriver au Canada\u00a0? Ou vous souhaitez perfectionner vos comp\u00e9tences linguistiques, en math\u00e9matiques ou en informatique\u00a0? Nos programmes de formation pour adultes pourraient vous convenir\u00a0!<br><br>Vous cherchez un emploi\u00a0? Notre conseiller en emploi vous aidera \u00e0 d\u00e9velopper les comp\u00e9tences n\u00e9cessaires pour en trouver un\u00a0!<\/p><\/div><div class=\"image-container\"><img decoding=\"async\" src=\"https:\/\/www.bobrumball.org\/wp-content\/uploads\/2024\/04\/pexels-rdne-10029742-scaled.jpg\" alt=\"\" class=\"wp-image-1124\" \/><\/div><\/div>\n<\/div>\n\n\n\n<div class=\"wp-block-zp4-group top-spacing-3 bottom-spacing-3 block-spacing-2\"><div class=\"layout-container\">\n<h2 class=\"wp-block-heading has-text-align-center has-dark-color has-text-color has-link-color has-x-large-font-size wp-elements-44cf4489a643883027bb1ebab0720386\">Contactez-nous et d\u00e9couvrez comment nous pouvons vous aider.<\/h2>\n\n\n\n<div class=\"wp-block-buttons is-content-justification-center is-layout-flex wp-container-core-buttons-is-layout-a89b3969 wp-block-buttons-is-layout-flex\">\n<div class=\"wp-block-button\"><a class=\"wp-block-button__link has-medium-font-size has-custom-font-size wp-element-button\" href=\"https:\/\/www.bobrumball.org\/contact-us\/\">Contactez-nous<\/a><\/div>\n<\/div>\n<\/div><\/div>\n","protected":false},"excerpt":{"rendered":"","protected":false},"author":1,"featured_media":0,"parent":0,"menu_order":0,"comment_status":"closed","ping_status":"closed","template":"page-no-title.php","meta":{"footnotes":""},"class_list":["post-8","page","type-page","status-publish","hentry"],"yoast_head":"<!-- This site is optimized with the Yoast SEO plugin v27.5 - https:\/\/yoast.com\/product\/yoast-seo-wordpress\/ -->\n<title>Nous offrons des soins et des opportunit\u00e9s dans un environnement riche en communication qui am\u00e9liore la qualit\u00e9 de vie de la communaut\u00e9 sourde. - Bob Rumball dans Fran\u00e7ais<\/title>\n<meta name=\"robots\" content=\"noindex, follow, max-snippet:-1, max-image-preview:large, max-video-preview:-1\" \/>\n<meta property=\"og:locale\" content=\"fr_CA\" \/>\n<meta property=\"og:type\" content=\"article\" \/>\n<meta property=\"og:title\" content=\"Nous offrons des soins et des opportunit\u00e9s dans un environnement riche en communication qui am\u00e9liore la qualit\u00e9 de vie de la communaut\u00e9 sourde. - Bob Rumball dans Fran\u00e7ais\" \/>\n<meta property=\"og:url\" content=\"https:\/\/www.bobrumball.org\/fr\/\" \/>\n<meta property=\"og:site_name\" content=\"Bob Rumball dans Fran\u00e7ais\" \/>\n<meta property=\"article:modified_time\" content=\"2026-04-20T18:52:03+00:00\" \/>\n<meta name=\"twitter:card\" content=\"summary_large_image\" \/>\n<meta name=\"twitter:label1\" content=\"Est. reading time\" \/>\n\t<meta name=\"twitter:data1\" content=\"4 minutes\" \/>\n<script type=\"application\/ld+json\" class=\"yoast-schema-graph\">{\"@context\":\"https:\\\/\\\/schema.org\",\"@graph\":[{\"@type\":\"WebPage\",\"@id\":\"https:\\\/\\\/www.bobrumball.org\\\/fr\\\/\",\"url\":\"https:\\\/\\\/www.bobrumball.org\\\/fr\\\/\",\"name\":\"Nous offrons des soins et des opportunit\u00e9s dans un environnement riche en communication qui am\u00e9liore la qualit\u00e9 de vie de la communaut\u00e9 sourde. - Bob Rumball dans Fran\u00e7ais\",\"isPartOf\":{\"@id\":\"https:\\\/\\\/www.bobrumball.org\\\/fr\\\/#website\"},\"primaryImageOfPage\":{\"@id\":\"https:\\\/\\\/www.bobrumball.org\\\/fr\\\/#primaryimage\"},\"image\":{\"@id\":\"https:\\\/\\\/www.bobrumball.org\\\/fr\\\/#primaryimage\"},\"thumbnailUrl\":\"https:\\\/\\\/www.bobrumball.org\\\/wp-content\\\/uploads\\\/2024\\\/01\\\/hannah-busing-Zyx1bK9mqmA-unsplash-1400x463.jpg\",\"datePublished\":\"2024-03-28T21:47:37+00:00\",\"dateModified\":\"2026-04-20T18:52:03+00:00\",\"breadcrumb\":{\"@id\":\"https:\\\/\\\/www.bobrumball.org\\\/fr\\\/#breadcrumb\"},\"inLanguage\":\"fr-CA\",\"potentialAction\":[{\"@type\":\"ReadAction\",\"target\":[\"https:\\\/\\\/www.bobrumball.org\\\/fr\\\/\"]}]},{\"@type\":\"ImageObject\",\"inLanguage\":\"fr-CA\",\"@id\":\"https:\\\/\\\/www.bobrumball.org\\\/fr\\\/#primaryimage\",\"url\":\"https:\\\/\\\/www.bobrumball.org\\\/wp-content\\\/uploads\\\/2024\\\/01\\\/hannah-busing-Zyx1bK9mqmA-unsplash-1400x463.jpg\",\"contentUrl\":\"https:\\\/\\\/www.bobrumball.org\\\/wp-content\\\/uploads\\\/2024\\\/01\\\/hannah-busing-Zyx1bK9mqmA-unsplash-1400x463.jpg\"},{\"@type\":\"BreadcrumbList\",\"@id\":\"https:\\\/\\\/www.bobrumball.org\\\/fr\\\/#breadcrumb\",\"itemListElement\":[{\"@type\":\"ListItem\",\"position\":1,\"name\":\"Home\",\"item\":\"https:\\\/\\\/www.bobrumball.org\\\/fr\\\/\"},{\"@type\":\"ListItem\",\"position\":2,\"name\":\"Nous offrons des soins et des opportunit\u00e9s dans un environnement riche en communication qui am\u00e9liore la qualit\u00e9 de vie de la communaut\u00e9 sourde.\"}]},{\"@type\":\"WebSite\",\"@id\":\"https:\\\/\\\/www.bobrumball.org\\\/fr\\\/#website\",\"url\":\"https:\\\/\\\/www.bobrumball.org\\\/fr\\\/\",\"name\":\"Bob Rumball dans Fran\u00e7ais\",\"description\":\"\",\"potentialAction\":[{\"@type\":\"SearchAction\",\"target\":{\"@type\":\"EntryPoint\",\"urlTemplate\":\"https:\\\/\\\/www.bobrumball.org\\\/fr\\\/?s={search_term_string}\"},\"query-input\":{\"@type\":\"PropertyValueSpecification\",\"valueRequired\":true,\"valueName\":\"search_term_string\"}}],\"inLanguage\":\"fr-CA\"}]}<\/script>\n<!-- \/ Yoast SEO plugin. -->","yoast_head_json":{"title":"Nous offrons des soins et des opportunit\u00e9s dans un environnement riche en communication qui am\u00e9liore la qualit\u00e9 de vie de la communaut\u00e9 sourde. - Bob Rumball dans Fran\u00e7ais","robots":{"index":"noindex","follow":"follow","max-snippet":"max-snippet:-1","max-image-preview":"max-image-preview:large","max-video-preview":"max-video-preview:-1"},"og_locale":"fr_CA","og_type":"article","og_title":"Nous offrons des soins et des opportunit\u00e9s dans un environnement riche en communication qui am\u00e9liore la qualit\u00e9 de vie de la communaut\u00e9 sourde. - Bob Rumball dans Fran\u00e7ais","og_url":"https:\/\/www.bobrumball.org\/fr\/","og_site_name":"Bob Rumball dans Fran\u00e7ais","article_modified_time":"2026-04-20T18:52:03+00:00","twitter_card":"summary_large_image","twitter_misc":{"Est. reading time":"4 minutes"},"schema":{"@context":"https:\/\/schema.org","@graph":[{"@type":"WebPage","@id":"https:\/\/www.bobrumball.org\/fr\/","url":"https:\/\/www.bobrumball.org\/fr\/","name":"Nous offrons des soins et des opportunit\u00e9s dans un environnement riche en communication qui am\u00e9liore la qualit\u00e9 de vie de la communaut\u00e9 sourde. - Bob Rumball dans Fran\u00e7ais","isPartOf":{"@id":"https:\/\/www.bobrumball.org\/fr\/#website"},"primaryImageOfPage":{"@id":"https:\/\/www.bobrumball.org\/fr\/#primaryimage"},"image":{"@id":"https:\/\/www.bobrumball.org\/fr\/#primaryimage"},"thumbnailUrl":"https:\/\/www.bobrumball.org\/wp-content\/uploads\/2024\/01\/hannah-busing-Zyx1bK9mqmA-unsplash-1400x463.jpg","datePublished":"2024-03-28T21:47:37+00:00","dateModified":"2026-04-20T18:52:03+00:00","breadcrumb":{"@id":"https:\/\/www.bobrumball.org\/fr\/#breadcrumb"},"inLanguage":"fr-CA","potentialAction":[{"@type":"ReadAction","target":["https:\/\/www.bobrumball.org\/fr\/"]}]},{"@type":"ImageObject","inLanguage":"fr-CA","@id":"https:\/\/www.bobrumball.org\/fr\/#primaryimage","url":"https:\/\/www.bobrumball.org\/wp-content\/uploads\/2024\/01\/hannah-busing-Zyx1bK9mqmA-unsplash-1400x463.jpg","contentUrl":"https:\/\/www.bobrumball.org\/wp-content\/uploads\/2024\/01\/hannah-busing-Zyx1bK9mqmA-unsplash-1400x463.jpg"},{"@type":"BreadcrumbList","@id":"https:\/\/www.bobrumball.org\/fr\/#breadcrumb","itemListElement":[{"@type":"ListItem","position":1,"name":"Home","item":"https:\/\/www.bobrumball.org\/fr\/"},{"@type":"ListItem","position":2,"name":"Nous offrons des soins et des opportunit\u00e9s dans un environnement riche en communication qui am\u00e9liore la qualit\u00e9 de vie de la communaut\u00e9 sourde."}]},{"@type":"WebSite","@id":"https:\/\/www.bobrumball.org\/fr\/#website","url":"https:\/\/www.bobrumball.org\/fr\/","name":"Bob Rumball dans Fran\u00e7ais","description":"","potentialAction":[{"@type":"SearchAction","target":{"@type":"EntryPoint","urlTemplate":"https:\/\/www.bobrumball.org\/fr\/?s={search_term_string}"},"query-input":{"@type":"PropertyValueSpecification","valueRequired":true,"valueName":"search_term_string"}}],"inLanguage":"fr-CA"}]}},"_links":{"self":[{"href":"https:\/\/www.bobrumball.org\/fr\/wp-json\/wp\/v2\/pages\/8","targetHints":{"allow":["GET"]}}],"collection":[{"href":"https:\/\/www.bobrumball.org\/fr\/wp-json\/wp\/v2\/pages"}],"about":[{"href":"https:\/\/www.bobrumball.org\/fr\/wp-json\/wp\/v2\/types\/page"}],"author":[{"embeddable":true,"href":"https:\/\/www.bobrumball.org\/fr\/wp-json\/wp\/v2\/users\/1"}],"replies":[{"embeddable":true,"href":"https:\/\/www.bobrumball.org\/fr\/wp-json\/wp\/v2\/comments?post=8"}],"version-history":[{"count":5,"href":"https:\/\/www.bobrumball.org\/fr\/wp-json\/wp\/v2\/pages\/8\/revisions"}],"predecessor-version":[{"id":422,"href":"https:\/\/www.bobrumball.org\/fr\/wp-json\/wp\/v2\/pages\/8\/revisions\/422"}],"wp:attachment":[{"href":"https:\/\/www.bobrumball.org\/fr\/wp-json\/wp\/v2\/media?parent=8"}],"curies":[{"name":"wp","href":"https:\/\/api.w.org\/{rel}","templated":true}]}}